{"id":38,"date":"2023-06-27T16:28:10","date_gmt":"2023-06-27T19:28:10","guid":{"rendered":"https:\/\/puramaldad.com.ar\/?page_id=38"},"modified":"2023-09-16T12:38:15","modified_gmt":"2023-09-16T15:38:15","slug":"acerca-de-nosotros","status":"publish","type":"page","link":"https:\/\/puramaldad.com.ar\/?page_id=38","title":{"rendered":"Acerca de nosotros"},"content":{"rendered":"\n<p>Somos dos amigos (Ezequiel y Nestor) con pasi\u00f3n por la cerveza, comenzamos hace un par de a\u00f1os como muchos en el patio de casa haci\u00e9ndola para nosotros, al ver que gustaba mucho decidimos iniciar un microemprendimiento, hoy estamos creciendo poco a poco poniendo mucha garra y esfuerzo.<\/p>\n\n\n\n<figure class=\"wp-block-image size-large\"><img loading=\"lazy\" decoding=\"async\" width=\"1024\" height=\"754\" src=\"https:\/\/puramaldad.com.ar\/wp-content\/uploads\/2023\/07\/Screenshot_20210130-174414_Facetune-2-1024x754.jpg\" alt=\"\" class=\"wp-image-129\" srcset=\"https:\/\/puramaldad.com.ar\/wp-content\/uploads\/2023\/07\/Screenshot_20210130-174414_Facetune-2-1024x754.jpg 1024w, https:\/\/puramaldad.com.ar\/wp-content\/uploads\/2023\/07\/Screenshot_20210130-174414_Facetune-2-300x221.jpg 300w, https:\/\/puramaldad.com.ar\/wp-content\/uploads\/2023\/07\/Screenshot_20210130-174414_Facetune-2-768x565.jpg 768w, https:\/\/puramaldad.com.ar\/wp-content\/uploads\/2023\/07\/Screenshot_20210130-174414_Facetune-2.jpg 1439w\" sizes=\"(max-width: 1024px) 100vw, 1024px\" \/><\/figure>\n\n\n\n<p>Ya despu\u00e9s de un tiempo, necesitabamos un lugar y equipo m\u00e1s grande. Logramos comprar el primer equipo de acero inoxidable de 300 litros, donde todo es controlado por el microprocesador.<\/p>\n\n\n\n<figure class=\"wp-block-image size-large\"><img loading=\"lazy\" decoding=\"async\" width=\"1024\" height=\"768\" src=\"https:\/\/puramaldad.com.ar\/wp-content\/uploads\/2023\/07\/20220910_091156-1024x768.jpg\" alt=\"\" class=\"wp-image-133\" srcset=\"https:\/\/puramaldad.com.ar\/wp-content\/uploads\/2023\/07\/20220910_091156-1024x768.jpg 1024w, https:\/\/puramaldad.com.ar\/wp-content\/uploads\/2023\/07\/20220910_091156-300x225.jpg 300w, https:\/\/puramaldad.com.ar\/wp-content\/uploads\/2023\/07\/20220910_091156-768x576.jpg 768w, https:\/\/puramaldad.com.ar\/wp-content\/uploads\/2023\/07\/20220910_091156-1536x1152.jpg 1536w, https:\/\/puramaldad.com.ar\/wp-content\/uploads\/2023\/07\/20220910_091156-2048x1536.jpg 2048w, https:\/\/puramaldad.com.ar\/wp-content\/uploads\/2023\/07\/20220910_091156-440x330.jpg 440w, https:\/\/puramaldad.com.ar\/wp-content\/uploads\/2023\/07\/20220910_091156-920x690.jpg 920w\" sizes=\"(max-width: 1024px) 100vw, 1024px\" \/><\/figure>\n\n\n\n<p>El nombre de nuestra marca es la \u201cmaldad\u201d c\u00f3mplice en una reuni\u00f3n de amigos tomando una cerveza y en donde los chistes y las cargadas son frecuentes sin intenci\u00f3n de hacer da\u00f1o sino de re\u00edrse entre todos.<\/p>\n\n\n\n<p>Queremos ser una marca de referencia en alquiler de choperas para eventos ofreciendo una excelente experiencia a nuestros clientes.<\/p>\n\n\n\n<p><\/p>\n\n\n\n<p><\/p>\n","protected":false},"excerpt":{"rendered":"<p>Somos dos amigos (Ezequiel y Nestor) con pasi\u00f3n por la cerveza, comenzamos hace un par de a\u00f1os como muchos en<\/p>\n<p><a href=\"https:\/\/puramaldad.com.ar\/?page_id=38\" class=\"more-link\">Continue reading<span class=\"screen-reader-text\">Acerca de nosotros<\/span><\/a><\/p>\n","protected":false},"author":2,"featured_media":0,"parent":0,"menu_order":0,"comment_status":"closed","ping_status":"closed","template":"","meta":{"footnotes":""},"_links":{"self":[{"href":"https:\/\/puramaldad.com.ar\/index.php?rest_route=\/wp\/v2\/pages\/38"}],"collection":[{"href":"https:\/\/puramaldad.com.ar\/index.php?rest_route=\/wp\/v2\/pages"}],"about":[{"href":"https:\/\/puramaldad.com.ar\/index.php?rest_route=\/wp\/v2\/types\/page"}],"author":[{"embeddable":true,"href":"https:\/\/puramaldad.com.ar\/index.php?rest_route=\/wp\/v2\/users\/2"}],"replies":[{"embeddable":true,"href":"https:\/\/puramaldad.com.ar\/index.php?rest_route=%2Fwp%2Fv2%2Fcomments&post=38"}],"version-history":[{"count":6,"href":"https:\/\/puramaldad.com.ar\/index.php?rest_route=\/wp\/v2\/pages\/38\/revisions"}],"predecessor-version":[{"id":176,"href":"https:\/\/puramaldad.com.ar\/index.php?rest_route=\/wp\/v2\/pages\/38\/revisions\/176"}],"wp:attachment":[{"href":"https:\/\/puramaldad.com.ar\/index.php?rest_route=%2Fwp%2Fv2%2Fmedia&parent=38"}],"curies":[{"name":"wp","href":"https:\/\/api.w.org\/{rel}","templated":true}]}}